{"id":10,"date":"2025-06-06T11:50:06","date_gmt":"2025-06-06T14:50:06","guid":{"rendered":"http:\/\/canooa.com\/?page_id=10"},"modified":"2025-05-17T20:49:01","modified_gmt":"2025-05-17T23:49:01","slug":"contato","status":"publish","type":"page","link":"https:\/\/canooa.com\/?page_id=10","title":{"rendered":"Contato"},"content":{"rendered":"\t\t<div data-elementor-type=\"wp-page\" data-elementor-id=\"10\" class=\"elementor elementor-10\" data-elementor-post-type=\"page\">\n\t\t\t\t<div class=\"elementor-element elementor-element-5a0f6486 e-flex e-con-boxed e-con e-parent\" data-id=\"5a0f6486\" data-element_type=\"container\" data-e-type=\"container\">\n\t\t\t\t\t<div class=\"e-con-inner\">\n\t\t<div class=\"elementor-element elementor-element-45bcbbd e-flex e-con-boxed elementor-invisible e-con e-child\" data-id=\"45bcbbd\" data-element_type=\"container\" data-e-type=\"container\" data-settings=\"{&quot;background_background&quot;:&quot;classic&quot;,&quot;animation&quot;:&quot;slideInLeft&quot;}\">\n\t\t\t\t\t<div class=\"e-con-inner\">\n\t\t\t\t<div class=\"elementor-element elementor-element-4c035e1e elementor-widget elementor-widget-heading\" data-id=\"4c035e1e\" data-element_type=\"widget\" data-e-type=\"widget\" data-widget_type=\"heading.default\">\n\t\t\t\t<div class=\"elementor-widget-container\">\n\t\t\t\t\t<h2 class=\"elementor-heading-title elementor-size-default\">Fa\u00e7a aqui seu contato!<\/h2>\t\t\t\t<\/div>\n\t\t\t\t<\/div>\n\t\t\t\t<div class=\"elementor-element elementor-element-2835c756 elementor-widget elementor-widget-text-editor\" data-id=\"2835c756\" data-element_type=\"widget\" data-e-type=\"widget\" data-widget_type=\"text-editor.default\">\n\t\t\t\t<div class=\"elementor-widget-container\">\n\t\t\t\t\t\t\t\t\t<p>Estamos aqui para tirar suas d\u00favidas, ouvir suas sugest\u00f5es ou te ajudar no que for preciso. Preencha o formul\u00e1rio abaixo ou entre em contato pelos nossos canais. Vamos adorar conversar com voc\u00ea!<\/p>\t\t\t\t\t\t\t\t<\/div>\n\t\t\t\t<\/div>\n\t\t\t\t\t<\/div>\n\t\t\t\t<\/div>\n\t\t\t\t\t<\/div>\n\t\t\t\t<\/div>\n\t\t<div class=\"elementor-element elementor-element-196bb770 e-flex e-con-boxed e-con e-parent\" data-id=\"196bb770\" data-element_type=\"container\" data-e-type=\"container\" data-settings=\"{&quot;background_background&quot;:&quot;classic&quot;}\">\n\t\t\t\t\t<div class=\"e-con-inner\">\n\t\t<div class=\"elementor-element elementor-element-33934596 e-flex e-con-boxed elementor-invisible e-con e-child\" data-id=\"33934596\" data-element_type=\"container\" data-e-type=\"container\" data-settings=\"{&quot;animation&quot;:&quot;zoomIn&quot;}\">\n\t\t\t\t\t<div class=\"e-con-inner\">\n\t\t\t\t<div class=\"elementor-element elementor-element-1b83c9b6 elementor-widget elementor-widget-text-editor\" data-id=\"1b83c9b6\" data-element_type=\"widget\" data-e-type=\"widget\" data-widget_type=\"text-editor.default\">\n\t\t\t\t<div class=\"elementor-widget-container\">\n\t\t\t\t\t\t\t\t\t<p>Aqui voc\u00ea encontra respostas para as d\u00favidas mais comuns sobre como vender, como comprar, pedidos, pagamentos, entregas e trocas. Se n\u00e3o encontrar o que procura, fale com a gente \u2014 ser\u00e1 um prazer ajudar!<\/p>\t\t\t\t\t\t\t\t<\/div>\n\t\t\t\t<\/div>\n\t\t\t\t\t<\/div>\n\t\t\t\t<\/div>\n\t\t\t\t\t<\/div>\n\t\t\t\t<\/div>\n\t\t\t\t<\/div>\n\t\t","protected":false},"excerpt":{"rendered":"<p>Fa\u00e7a aqui seu contato! Estamos aqui para tirar suas d\u00favidas, ouvir suas sugest\u00f5es ou te ajudar no que for preciso. Preencha o formul\u00e1rio abaixo ou entre em contato pelos nossos canais. Vamos adorar conversar com voc\u00ea! Nome E-mail Mensagem Enviar Perguntas mais Frequentes Aqui voc\u00ea encontra respostas para as d\u00favidas mais comuns sobre como vender, [&hellip;]<\/p>\n","protected":false},"author":1,"featured_media":0,"parent":0,"menu_order":0,"comment_status":"closed","ping_status":"closed","template":"elementor_header_footer","meta":{"footnotes":""},"class_list":["post-10","page","type-page","status-publish","hentry"],"_links":{"self":[{"href":"https:\/\/canooa.com\/index.php?rest_route=\/wp\/v2\/pages\/10","targetHints":{"allow":["GET"]}}],"collection":[{"href":"https:\/\/canooa.com\/index.php?rest_route=\/wp\/v2\/pages"}],"about":[{"href":"https:\/\/canooa.com\/index.php?rest_route=\/wp\/v2\/types\/page"}],"author":[{"embeddable":true,"href":"https:\/\/canooa.com\/index.php?rest_route=\/wp\/v2\/users\/1"}],"replies":[{"embeddable":true,"href":"https:\/\/canooa.com\/index.php?rest_route=%2Fwp%2Fv2%2Fcomments&post=10"}],"version-history":[{"count":22,"href":"https:\/\/canooa.com\/index.php?rest_route=\/wp\/v2\/pages\/10\/revisions"}],"predecessor-version":[{"id":192,"href":"https:\/\/canooa.com\/index.php?rest_route=\/wp\/v2\/pages\/10\/revisions\/192"}],"wp:attachment":[{"href":"https:\/\/canooa.com\/index.php?rest_route=%2Fwp%2Fv2%2Fmedia&parent=10"}],"curies":[{"name":"wp","href":"https:\/\/api.w.org\/{rel}","templated":true}]}}