{"id":9,"date":"2025-06-06T11:50:06","date_gmt":"2025-06-06T14:50:06","guid":{"rendered":"http:\/\/canooa.com\/?page_id=9"},"modified":"2025-04-07T13:26:23","modified_gmt":"2025-04-07T16:26:23","slug":"sobre-nos","status":"publish","type":"page","link":"https:\/\/canooa.com\/?page_id=9","title":{"rendered":"Sobre n\u00f3s"},"content":{"rendered":"\t\t<div data-elementor-type=\"wp-page\" data-elementor-id=\"9\" class=\"elementor elementor-9\" data-elementor-post-type=\"page\">\n\t\t\t\t\t\t<section class=\"elementor-section elementor-top-section elementor-element elementor-element-502e83190 elementor-section-boxed elementor-section-height-default elementor-section-height-default\" data-id=\"502e83190\" data-element_type=\"section\" data-e-type=\"section\">\n\t\t\t\t\t\t<div class=\"elementor-container elementor-column-gap-default\">\n\t\t\t\t\t<div class=\"elementor-column elementor-col-100 elementor-top-column elementor-element elementor-element-526e4981\" data-id=\"526e4981\" data-element_type=\"column\" data-e-type=\"column\">\n\t\t\t<div class=\"elementor-widget-wrap\">\n\t\t\t\t\t\t\t<\/div>\n\t\t<\/div>\n\t\t\t\t\t<\/div>\n\t\t<\/section>\n\t\t\t\t<\/div>\n\t\t","protected":false},"excerpt":{"rendered":"<p>O In\u00edcio A Empresa Os Servi\u00e7os Prazer, somos Fernanda e Rodrigo. Primos que dividiram a inf\u00e2ncia, sonhos, ideias e, principalmente, o desejo de transformar o mundo \u00e0 nossa volta de forma positiva. Sempre compartilhamos a vontade de empreender e tornar a vida das pessoas mais simples e acess\u00edvel. Depois de muitas conversas, trocas de experi\u00eancias [&hellip;]<\/p>\n","protected":false},"author":1,"featured_media":0,"parent":0,"menu_order":0,"comment_status":"closed","ping_status":"closed","template":"elementor_header_footer","meta":{"footnotes":""},"class_list":["post-9","page","type-page","status-publish","hentry"],"_links":{"self":[{"href":"https:\/\/canooa.com\/index.php?rest_route=\/wp\/v2\/pages\/9","targetHints":{"allow":["GET"]}}],"collection":[{"href":"https:\/\/canooa.com\/index.php?rest_route=\/wp\/v2\/pages"}],"about":[{"href":"https:\/\/canooa.com\/index.php?rest_route=\/wp\/v2\/types\/page"}],"author":[{"embeddable":true,"href":"https:\/\/canooa.com\/index.php?rest_route=\/wp\/v2\/users\/1"}],"replies":[{"embeddable":true,"href":"https:\/\/canooa.com\/index.php?rest_route=%2Fwp%2Fv2%2Fcomments&post=9"}],"version-history":[{"count":7,"href":"https:\/\/canooa.com\/index.php?rest_route=\/wp\/v2\/pages\/9\/revisions"}],"predecessor-version":[{"id":123,"href":"https:\/\/canooa.com\/index.php?rest_route=\/wp\/v2\/pages\/9\/revisions\/123"}],"wp:attachment":[{"href":"https:\/\/canooa.com\/index.php?rest_route=%2Fwp%2Fv2%2Fmedia&parent=9"}],"curies":[{"name":"wp","href":"https:\/\/api.w.org\/{rel}","templated":true}]}}